{"id":25325,"date":"2024-07-29T06:31:45","date_gmt":"2024-07-29T06:31:45","guid":{"rendered":"https:\/\/darksalmon-wombat-889953.hostingersite.com\/?post_type=product&#038;p=25325"},"modified":"2026-03-16T23:55:42","modified_gmt":"2026-03-16T22:55:42","slug":"6-piece-luggage-organizer-assorted-colors","status":"publish","type":"product","link":"https:\/\/moomshop.shop\/nn\/product\/6-piece-luggage-organizer-assorted-colors\/","title":{"rendered":"Kenneth Cole REACTION Out of Bounds lett firehjuls hardsidekoffert"},"content":{"rendered":"<p>Totalm\u00e5l: 71 cm<br \/>\nUltralett og slitesterk: Konstruert med stive ABS- og PC-materialer, med st\u00f8pte hj\u00f8rnebeskyttere for ekstra beskyttelse. Rivebestandig innvendig f\u00f4r i polyester.<\/p>\n<p>Romslig interi\u00f8r med oppbevaringsplass p\u00e5 begge sider. Kompresjonsstropper og hengelommer med glidel\u00e5s holder eiendelene dine trygge.<\/p>\n<p>Fire 360-graders svingbare hjul gir jevn, stille og enkel man\u00f8vrering.<\/p>\n<p>Uttrekkbart h\u00e5ndtak: Robust og slitesterkt, med et brukervennlig trykknapph\u00e5ndtak for enkel enh\u00e5ndsbetjening.<\/p>\n<p>Begrenset livstidsgaranti: Dette produktet dekkes av en begrenset livstidsgaranti fra produsenten som dekker material- og produksjonsfeil.<\/p>\n<p><a href=\"https:\/\/moomshop.shop\/wp-content\/uploads\/2026\/02\/22222-2.jpg\"><img decoding=\"async\" class=\"aligncenter wp-image-51148 size-full\" src=\"https:\/\/moomshop.shop\/wp-content\/uploads\/2026\/02\/22222-2.jpg\" alt=\"\" width=\"1500\" height=\"1500\" srcset=\"https:\/\/moomshop.shop\/wp-content\/uploads\/2026\/02\/22222-2.jpg 1500w, https:\/\/moomshop.shop\/wp-content\/uploads\/2026\/02\/22222-2-300x300.jpg 300w, https:\/\/moomshop.shop\/wp-content\/uploads\/2026\/02\/22222-2-800x800.jpg 800w, https:\/\/moomshop.shop\/wp-content\/uploads\/2026\/02\/22222-2-150x150.jpg 150w, https:\/\/moomshop.shop\/wp-content\/uploads\/2026\/02\/22222-2-768x768.jpg 768w, https:\/\/moomshop.shop\/wp-content\/uploads\/2026\/02\/22222-2-12x12.jpg 12w, https:\/\/moomshop.shop\/wp-content\/uploads\/2026\/02\/22222-2-60x60.jpg 60w, https:\/\/moomshop.shop\/wp-content\/uploads\/2026\/02\/22222-2-430x430.jpg 430w, https:\/\/moomshop.shop\/wp-content\/uploads\/2026\/02\/22222-2-700x700.jpg 700w\" sizes=\"(max-width: 1500px) 100vw, 1500px\" \/><\/a><\/p>\n<p><a href=\"https:\/\/moomshop.shop\/wp-content\/uploads\/2026\/02\/22.jpg\"><img decoding=\"async\" class=\"aligncenter wp-image-51140 size-full\" src=\"https:\/\/moomshop.shop\/wp-content\/uploads\/2026\/02\/22.jpg\" alt=\"\" width=\"1500\" height=\"1500\" srcset=\"https:\/\/moomshop.shop\/wp-content\/uploads\/2026\/02\/22.jpg 1500w, https:\/\/moomshop.shop\/wp-content\/uploads\/2026\/02\/22-300x300.jpg 300w, https:\/\/moomshop.shop\/wp-content\/uploads\/2026\/02\/22-800x800.jpg 800w, https:\/\/moomshop.shop\/wp-content\/uploads\/2026\/02\/22-150x150.jpg 150w, https:\/\/moomshop.shop\/wp-content\/uploads\/2026\/02\/22-768x768.jpg 768w, https:\/\/moomshop.shop\/wp-content\/uploads\/2026\/02\/22-12x12.jpg 12w, https:\/\/moomshop.shop\/wp-content\/uploads\/2026\/02\/22-60x60.jpg 60w, https:\/\/moomshop.shop\/wp-content\/uploads\/2026\/02\/22-430x430.jpg 430w, https:\/\/moomshop.shop\/wp-content\/uploads\/2026\/02\/22-700x700.jpg 700w\" sizes=\"(max-width: 1500px) 100vw, 1500px\" \/><\/a><\/p>\n<p><a href=\"https:\/\/moomshop.shop\/wp-content\/uploads\/2026\/02\/25-1.jpg\"><img decoding=\"async\" class=\"aligncenter wp-image-51143 size-full\" src=\"https:\/\/moomshop.shop\/wp-content\/uploads\/2026\/02\/25-1.jpg\" alt=\"\" width=\"1500\" height=\"1500\" srcset=\"https:\/\/moomshop.shop\/wp-content\/uploads\/2026\/02\/25-1.jpg 1500w, https:\/\/moomshop.shop\/wp-content\/uploads\/2026\/02\/25-1-300x300.jpg 300w, https:\/\/moomshop.shop\/wp-content\/uploads\/2026\/02\/25-1-800x800.jpg 800w, https:\/\/moomshop.shop\/wp-content\/uploads\/2026\/02\/25-1-150x150.jpg 150w, https:\/\/moomshop.shop\/wp-content\/uploads\/2026\/02\/25-1-768x768.jpg 768w, https:\/\/moomshop.shop\/wp-content\/uploads\/2026\/02\/25-1-12x12.jpg 12w, https:\/\/moomshop.shop\/wp-content\/uploads\/2026\/02\/25-1-60x60.jpg 60w, https:\/\/moomshop.shop\/wp-content\/uploads\/2026\/02\/25-1-430x430.jpg 430w, https:\/\/moomshop.shop\/wp-content\/uploads\/2026\/02\/25-1-700x700.jpg 700w\" sizes=\"(max-width: 1500px) 100vw, 1500px\" \/><\/a><\/p>\n<p><a href=\"https:\/\/moomshop.shop\/wp-content\/uploads\/2026\/02\/24.jpg\"><img decoding=\"async\" class=\"aligncenter wp-image-51142 size-full\" src=\"https:\/\/moomshop.shop\/wp-content\/uploads\/2026\/02\/24.jpg\" alt=\"\" width=\"1500\" height=\"1500\" srcset=\"https:\/\/moomshop.shop\/wp-content\/uploads\/2026\/02\/24.jpg 1500w, https:\/\/moomshop.shop\/wp-content\/uploads\/2026\/02\/24-300x300.jpg 300w, https:\/\/moomshop.shop\/wp-content\/uploads\/2026\/02\/24-800x800.jpg 800w, https:\/\/moomshop.shop\/wp-content\/uploads\/2026\/02\/24-150x150.jpg 150w, https:\/\/moomshop.shop\/wp-content\/uploads\/2026\/02\/24-768x768.jpg 768w, https:\/\/moomshop.shop\/wp-content\/uploads\/2026\/02\/24-12x12.jpg 12w, https:\/\/moomshop.shop\/wp-content\/uploads\/2026\/02\/24-60x60.jpg 60w, https:\/\/moomshop.shop\/wp-content\/uploads\/2026\/02\/24-430x430.jpg 430w, https:\/\/moomshop.shop\/wp-content\/uploads\/2026\/02\/24-700x700.jpg 700w\" sizes=\"(max-width: 1500px) 100vw, 1500px\" \/><\/a><\/p>\n<p><a href=\"https:\/\/moomshop.shop\/wp-content\/uploads\/2026\/02\/23-1.jpg\"><img decoding=\"async\" class=\"aligncenter wp-image-51141 size-full\" src=\"https:\/\/moomshop.shop\/wp-content\/uploads\/2026\/02\/23-1.jpg\" alt=\"\" width=\"1500\" height=\"1500\" srcset=\"https:\/\/moomshop.shop\/wp-content\/uploads\/2026\/02\/23-1.jpg 1500w, https:\/\/moomshop.shop\/wp-content\/uploads\/2026\/02\/23-1-300x300.jpg 300w, https:\/\/moomshop.shop\/wp-content\/uploads\/2026\/02\/23-1-800x800.jpg 800w, https:\/\/moomshop.shop\/wp-content\/uploads\/2026\/02\/23-1-150x150.jpg 150w, https:\/\/moomshop.shop\/wp-content\/uploads\/2026\/02\/23-1-768x768.jpg 768w, https:\/\/moomshop.shop\/wp-content\/uploads\/2026\/02\/23-1-12x12.jpg 12w, https:\/\/moomshop.shop\/wp-content\/uploads\/2026\/02\/23-1-60x60.jpg 60w, https:\/\/moomshop.shop\/wp-content\/uploads\/2026\/02\/23-1-430x430.jpg 430w, https:\/\/moomshop.shop\/wp-content\/uploads\/2026\/02\/23-1-700x700.jpg 700w\" sizes=\"(max-width: 1500px) 100vw, 1500px\" \/><\/a><\/p>","protected":false},"excerpt":{"rendered":"<p>Totalm\u00e5l: 71 cm Ultralett og slitesterk: Konstruert med stive ABS- og PC-materialer, med st\u00f8pte hj\u00f8rnebeskyttere for ekstra beskyttelse. Rivebestandig innvendig<\/p>","protected":false},"featured_media":51152,"comment_status":"open","ping_status":"closed","template":"","meta":[],"product_brand":[],"product_cat":[586],"product_tag":[188,74,75],"class_list":{"0":"post-25325","1":"product","2":"type-product","3":"status-publish","4":"has-post-thumbnail","6":"product_cat-bags-travel","7":"product_tag-__stock450","8":"product_tag-refund_fee800","9":"product_tag-trynow","11":"first","12":"instock","13":"sale","14":"shipping-taxable","15":"purchasable","16":"product-type-variable"},"_links":{"self":[{"href":"https:\/\/moomshop.shop\/nn\/wp-json\/wp\/v2\/product\/25325","targetHints":{"allow":["GET"]}}],"collection":[{"href":"https:\/\/moomshop.shop\/nn\/wp-json\/wp\/v2\/product"}],"about":[{"href":"https:\/\/moomshop.shop\/nn\/wp-json\/wp\/v2\/types\/product"}],"replies":[{"embeddable":true,"href":"https:\/\/moomshop.shop\/nn\/wp-json\/wp\/v2\/comments?post=25325"}],"version-history":[{"count":6,"href":"https:\/\/moomshop.shop\/nn\/wp-json\/wp\/v2\/product\/25325\/revisions"}],"predecessor-version":[{"id":51245,"href":"https:\/\/moomshop.shop\/nn\/wp-json\/wp\/v2\/product\/25325\/revisions\/51245"}],"wp:featuredmedia":[{"embeddable":true,"href":"https:\/\/moomshop.shop\/nn\/wp-json\/wp\/v2\/media\/51152"}],"wp:attachment":[{"href":"https:\/\/moomshop.shop\/nn\/wp-json\/wp\/v2\/media?parent=25325"}],"wp:term":[{"taxonomy":"product_brand","embeddable":true,"href":"https:\/\/moomshop.shop\/nn\/wp-json\/wp\/v2\/product_brand?post=25325"},{"taxonomy":"product_cat","embeddable":true,"href":"https:\/\/moomshop.shop\/nn\/wp-json\/wp\/v2\/product_cat?post=25325"},{"taxonomy":"product_tag","embeddable":true,"href":"https:\/\/moomshop.shop\/nn\/wp-json\/wp\/v2\/product_tag?post=25325"}],"curies":[{"name":"wp","href":"https:\/\/api.w.org\/{rel}","templated":true}]}}