{"id":29499,"date":"2024-07-29T06:50:07","date_gmt":"2024-07-29T06:50:07","guid":{"rendered":"https:\/\/darksalmon-wombat-889953.hostingersite.com\/product\/shark-rv2310-matrix-robot-vacuum-with-self-cleaning-brushroll\/"},"modified":"2026-04-05T08:58:01","modified_gmt":"2026-04-05T07:58:01","slug":"shark-rv2310-matrix-robot-vacuum-with-self-cleaning-brushroll","status":"publish","type":"product","link":"https:\/\/moomshop.shop\/nn\/product\/shark-rv2310-matrix-robot-vacuum-with-self-cleaning-brushroll\/","title":{"rendered":"Shark RV2310 Matrix robotst\u00f8vsuger med selvrensende roterende b\u00f8rste."},"content":{"rendered":"<p>En kraftig ny alt-i-ett-l\u00f8sning for rengj\u00f8ring av hjemmet fra Amerikas ledende st\u00f8vsugermerke (The NPD Group\/Retail Tracking Service, basert p\u00e5 dollarsalg per merke, 52-ukers periode). Shark Matrix-robotst\u00f8vsugeren har utrolig sugekraft, Matrix Clean og presisjonskartlegging av hjemmet. Sharks utrolige sugekraft og selvrensende b\u00f8rste trenger dypt inn i tepper og harde gulv, og fanger opp smuss, st\u00f8v og dyreh\u00e5r. Med Matrix Clean rengj\u00f8r roboten ved hjelp av et presisjonsrutenett, og gj\u00f8r flere bevegelser over smuss og rusk, slik at ingen hj\u00f8rner blir ur\u00f8rt. Med presisjonskartlegging av hjemmet bruker roboten sin 360\u00b0 LiDAR-visjon til \u00e5 skanne hjemmet ditt og lage et detaljert kart, noe som muliggj\u00f8r fullstendig autonom bevegelse. Dette lar ogs\u00e5 robotst\u00f8vsugeren oppdage og unng\u00e5 hindringer i veien, dag eller natt. Den lager et n\u00f8yaktig kart.<\/p>\n<p>Sharks utrolige sugekraft og selvrensende b\u00f8rste trenger dypt inn i tepper og harde gulv, og fanger opp smuss, st\u00f8v og dyreh\u00e5r. Funksjoner:<br \/>\nMerke: Shark<br \/>\nModellnavn: Shark RV2310<br \/>\nSpesialfunksjoner: Up\u00e5klagelig rengj\u00f8ring, h\u00f8ypresisjonssensorer, lett, hjul, kompakt<br \/>\nIngen hj\u00f8rner blir rengjort: Med Matrix Clean rengj\u00f8r robotst\u00f8vsugeren ved hjelp av et presisjonsnett, og gj\u00f8r flere bevegelser over smuss og rusk for en dyp rengj\u00f8ring.<br \/>\nUtrolig sugekraft: Kraftig sugekraft fanger opp smuss og rusk p\u00e5 tepper og tregulv, og fjerner selv det vanskeligste smusset fra hjemmet ditt.<br \/>\nSelvrensende b\u00f8rste: Trenger dypt inn i tepper og arbeider direkte p\u00e5 tregulv med PowerFins for \u00e5 plukke opp rusk, h\u00e5r og smuss fra alle overflater i hjemmet ditt. Designet for \u00e5 samle opp mer h\u00e5r og forhindre floker.<br \/>\nPresis hjemmekartlegging: 360\u00b0 LiDAR-visjon kartlegger raskt og n\u00f8yaktig hjemmet ditt, slik at roboten din kan rengj\u00f8re metodisk, oppdage og unng\u00e5 gjenstander i veien, dag eller natt, og tilpasse seg daglige endringer i hjemmet ditt. Perfekt for hjem med kj\u00e6ledyr: St\u00f8vsugerens kraftige sugekraft og selvrensende b\u00f8rste hjelper med \u00e5 fange opp dyreh\u00e5r, st\u00f8v og flass.<br \/>\nAvansert og m\u00e5lrettet rengj\u00f8ring: Med et trykk i SharkClean-appen kan du velge bestemte rom og omr\u00e5der \u00e5 rengj\u00f8re med Matrix Clean, og oppn\u00e5 30 % bedre rengj\u00f8ring p\u00e5 tepper og harde gulv (sammenlignet med RV2310-modellen med ett enkelt trekk, testet p\u00e5 jevne, l\u00f8kkeformede tepper).<\/p>\n<p>Tilpasset rengj\u00f8ring: Lag et presist kart over hjemmet ditt i SharkClean-appen, slik at du kan velge bestemte omr\u00e5der \u00e5 rengj\u00f8re p\u00e5 foresp\u00f8rsel, starte Matrix Clean og angi rengj\u00f8ringsplaner hvor som helst. Lading og gjenoppta: Roboten kan g\u00e5 tilbake til basen sin, lade opp og gjenoppta rengj\u00f8ringen akkurat der den slapp. Praktisk og h\u00e5ndfri rengj\u00f8ring: Stemmekontroll gj\u00f8r det enkelt \u00e5 aktivere rengj\u00f8ring for hele hjemmet, et enkelt rom eller til og med et bestemt sted, med bare et trykk i appen eller ved \u00e5 bruke stemmekontroll med Google Assistant eller Alexa. Inkluderte komponenter: 1 sideb\u00f8rste, ladebase, Shark Matrix-robot<\/p>\n<p>Produktm\u00e5l: 34 cm lang x 34 cm bred x 10,6 cm h\u00f8y<\/p>\n<p><a href=\"https:\/\/moomshop.shop\/wp-content\/uploads\/2024\/07\/73442cc3-0c4b-4f2d-a326-b9be78f45383.__CR001464600_PT0_SX1464_V1___.jpg\"><img decoding=\"async\" class=\"aligncenter size-full wp-image-51155\" src=\"https:\/\/moomshop.shop\/wp-content\/uploads\/2024\/07\/73442cc3-0c4b-4f2d-a326-b9be78f45383.__CR001464600_PT0_SX1464_V1___.jpg\" alt=\"\" width=\"1464\" height=\"600\" srcset=\"https:\/\/moomshop.shop\/wp-content\/uploads\/2024\/07\/73442cc3-0c4b-4f2d-a326-b9be78f45383.__CR001464600_PT0_SX1464_V1___.jpg 1464w, https:\/\/moomshop.shop\/wp-content\/uploads\/2024\/07\/73442cc3-0c4b-4f2d-a326-b9be78f45383.__CR001464600_PT0_SX1464_V1___-400x164.jpg 400w, https:\/\/moomshop.shop\/wp-content\/uploads\/2024\/07\/73442cc3-0c4b-4f2d-a326-b9be78f45383.__CR001464600_PT0_SX1464_V1___-1300x533.jpg 1300w, https:\/\/moomshop.shop\/wp-content\/uploads\/2024\/07\/73442cc3-0c4b-4f2d-a326-b9be78f45383.__CR001464600_PT0_SX1464_V1___-768x315.jpg 768w, https:\/\/moomshop.shop\/wp-content\/uploads\/2024\/07\/73442cc3-0c4b-4f2d-a326-b9be78f45383.__CR001464600_PT0_SX1464_V1___-18x7.jpg 18w, https:\/\/moomshop.shop\/wp-content\/uploads\/2024\/07\/73442cc3-0c4b-4f2d-a326-b9be78f45383.__CR001464600_PT0_SX1464_V1___-60x25.jpg 60w, https:\/\/moomshop.shop\/wp-content\/uploads\/2024\/07\/73442cc3-0c4b-4f2d-a326-b9be78f45383.__CR001464600_PT0_SX1464_V1___-430x176.jpg 430w, https:\/\/moomshop.shop\/wp-content\/uploads\/2024\/07\/73442cc3-0c4b-4f2d-a326-b9be78f45383.__CR001464600_PT0_SX1464_V1___-700x287.jpg 700w, https:\/\/moomshop.shop\/wp-content\/uploads\/2024\/07\/73442cc3-0c4b-4f2d-a326-b9be78f45383.__CR001464600_PT0_SX1464_V1___-150x61.jpg 150w\" sizes=\"(max-width: 1464px) 100vw, 1464px\" \/><\/a> <a href=\"https:\/\/moomshop.shop\/wp-content\/uploads\/2024\/07\/88e98150-c76c-48db-8e3b-ea80a9b80a1f.__CR001464600_PT0_SX1464_V1___.jpg\"><img decoding=\"async\" class=\"aligncenter size-full wp-image-51156\" src=\"https:\/\/moomshop.shop\/wp-content\/uploads\/2024\/07\/88e98150-c76c-48db-8e3b-ea80a9b80a1f.__CR001464600_PT0_SX1464_V1___.jpg\" alt=\"\" width=\"1464\" height=\"600\" srcset=\"https:\/\/moomshop.shop\/wp-content\/uploads\/2024\/07\/88e98150-c76c-48db-8e3b-ea80a9b80a1f.__CR001464600_PT0_SX1464_V1___.jpg 1464w, https:\/\/moomshop.shop\/wp-content\/uploads\/2024\/07\/88e98150-c76c-48db-8e3b-ea80a9b80a1f.__CR001464600_PT0_SX1464_V1___-400x164.jpg 400w, https:\/\/moomshop.shop\/wp-content\/uploads\/2024\/07\/88e98150-c76c-48db-8e3b-ea80a9b80a1f.__CR001464600_PT0_SX1464_V1___-1300x533.jpg 1300w, https:\/\/moomshop.shop\/wp-content\/uploads\/2024\/07\/88e98150-c76c-48db-8e3b-ea80a9b80a1f.__CR001464600_PT0_SX1464_V1___-768x315.jpg 768w, https:\/\/moomshop.shop\/wp-content\/uploads\/2024\/07\/88e98150-c76c-48db-8e3b-ea80a9b80a1f.__CR001464600_PT0_SX1464_V1___-18x7.jpg 18w, https:\/\/moomshop.shop\/wp-content\/uploads\/2024\/07\/88e98150-c76c-48db-8e3b-ea80a9b80a1f.__CR001464600_PT0_SX1464_V1___-60x25.jpg 60w, https:\/\/moomshop.shop\/wp-content\/uploads\/2024\/07\/88e98150-c76c-48db-8e3b-ea80a9b80a1f.__CR001464600_PT0_SX1464_V1___-430x176.jpg 430w, https:\/\/moomshop.shop\/wp-content\/uploads\/2024\/07\/88e98150-c76c-48db-8e3b-ea80a9b80a1f.__CR001464600_PT0_SX1464_V1___-700x287.jpg 700w, https:\/\/moomshop.shop\/wp-content\/uploads\/2024\/07\/88e98150-c76c-48db-8e3b-ea80a9b80a1f.__CR001464600_PT0_SX1464_V1___-150x61.jpg 150w\" sizes=\"(max-width: 1464px) 100vw, 1464px\" \/><\/a> <a href=\"https:\/\/moomshop.shop\/wp-content\/uploads\/2024\/07\/bc853c17-3799-4ce6-a05a-2e607cd96654.__CR001464600_PT0_SX1464_V1___.jpg\"><img decoding=\"async\" class=\"aligncenter size-full wp-image-51157\" src=\"https:\/\/moomshop.shop\/wp-content\/uploads\/2024\/07\/bc853c17-3799-4ce6-a05a-2e607cd96654.__CR001464600_PT0_SX1464_V1___.jpg\" alt=\"\" width=\"1464\" height=\"600\" srcset=\"https:\/\/moomshop.shop\/wp-content\/uploads\/2024\/07\/bc853c17-3799-4ce6-a05a-2e607cd96654.__CR001464600_PT0_SX1464_V1___.jpg 1464w, https:\/\/moomshop.shop\/wp-content\/uploads\/2024\/07\/bc853c17-3799-4ce6-a05a-2e607cd96654.__CR001464600_PT0_SX1464_V1___-400x164.jpg 400w, https:\/\/moomshop.shop\/wp-content\/uploads\/2024\/07\/bc853c17-3799-4ce6-a05a-2e607cd96654.__CR001464600_PT0_SX1464_V1___-1300x533.jpg 1300w, https:\/\/moomshop.shop\/wp-content\/uploads\/2024\/07\/bc853c17-3799-4ce6-a05a-2e607cd96654.__CR001464600_PT0_SX1464_V1___-768x315.jpg 768w, https:\/\/moomshop.shop\/wp-content\/uploads\/2024\/07\/bc853c17-3799-4ce6-a05a-2e607cd96654.__CR001464600_PT0_SX1464_V1___-18x7.jpg 18w, https:\/\/moomshop.shop\/wp-content\/uploads\/2024\/07\/bc853c17-3799-4ce6-a05a-2e607cd96654.__CR001464600_PT0_SX1464_V1___-60x25.jpg 60w, https:\/\/moomshop.shop\/wp-content\/uploads\/2024\/07\/bc853c17-3799-4ce6-a05a-2e607cd96654.__CR001464600_PT0_SX1464_V1___-430x176.jpg 430w, https:\/\/moomshop.shop\/wp-content\/uploads\/2024\/07\/bc853c17-3799-4ce6-a05a-2e607cd96654.__CR001464600_PT0_SX1464_V1___-700x287.jpg 700w, https:\/\/moomshop.shop\/wp-content\/uploads\/2024\/07\/bc853c17-3799-4ce6-a05a-2e607cd96654.__CR001464600_PT0_SX1464_V1___-150x61.jpg 150w\" sizes=\"(max-width: 1464px) 100vw, 1464px\" \/><\/a> <a href=\"https:\/\/moomshop.shop\/wp-content\/uploads\/2024\/07\/7b86949e-9588-4d2c-9f47-081afd0e6a8e.__CR001464600_PT0_SX1464_V1___.jpg\"><img decoding=\"async\" class=\"aligncenter size-full wp-image-51158\" src=\"https:\/\/moomshop.shop\/wp-content\/uploads\/2024\/07\/7b86949e-9588-4d2c-9f47-081afd0e6a8e.__CR001464600_PT0_SX1464_V1___.jpg\" alt=\"\" width=\"1464\" height=\"600\" srcset=\"https:\/\/moomshop.shop\/wp-content\/uploads\/2024\/07\/7b86949e-9588-4d2c-9f47-081afd0e6a8e.__CR001464600_PT0_SX1464_V1___.jpg 1464w, https:\/\/moomshop.shop\/wp-content\/uploads\/2024\/07\/7b86949e-9588-4d2c-9f47-081afd0e6a8e.__CR001464600_PT0_SX1464_V1___-400x164.jpg 400w, https:\/\/moomshop.shop\/wp-content\/uploads\/2024\/07\/7b86949e-9588-4d2c-9f47-081afd0e6a8e.__CR001464600_PT0_SX1464_V1___-1300x533.jpg 1300w, https:\/\/moomshop.shop\/wp-content\/uploads\/2024\/07\/7b86949e-9588-4d2c-9f47-081afd0e6a8e.__CR001464600_PT0_SX1464_V1___-768x315.jpg 768w, https:\/\/moomshop.shop\/wp-content\/uploads\/2024\/07\/7b86949e-9588-4d2c-9f47-081afd0e6a8e.__CR001464600_PT0_SX1464_V1___-18x7.jpg 18w, https:\/\/moomshop.shop\/wp-content\/uploads\/2024\/07\/7b86949e-9588-4d2c-9f47-081afd0e6a8e.__CR001464600_PT0_SX1464_V1___-60x25.jpg 60w, https:\/\/moomshop.shop\/wp-content\/uploads\/2024\/07\/7b86949e-9588-4d2c-9f47-081afd0e6a8e.__CR001464600_PT0_SX1464_V1___-430x176.jpg 430w, https:\/\/moomshop.shop\/wp-content\/uploads\/2024\/07\/7b86949e-9588-4d2c-9f47-081afd0e6a8e.__CR001464600_PT0_SX1464_V1___-700x287.jpg 700w, https:\/\/moomshop.shop\/wp-content\/uploads\/2024\/07\/7b86949e-9588-4d2c-9f47-081afd0e6a8e.__CR001464600_PT0_SX1464_V1___-150x61.jpg 150w\" sizes=\"(max-width: 1464px) 100vw, 1464px\" \/><\/a> <a href=\"https:\/\/moomshop.shop\/wp-content\/uploads\/2024\/07\/957ec5ea-f581-49de-b2d1-7b5fd0a8744d.__CR001464600_PT0_SX1464_V1___.jpg\"><img decoding=\"async\" class=\"aligncenter size-full wp-image-51159\" src=\"https:\/\/moomshop.shop\/wp-content\/uploads\/2024\/07\/957ec5ea-f581-49de-b2d1-7b5fd0a8744d.__CR001464600_PT0_SX1464_V1___.jpg\" alt=\"\" width=\"1464\" height=\"600\" srcset=\"https:\/\/moomshop.shop\/wp-content\/uploads\/2024\/07\/957ec5ea-f581-49de-b2d1-7b5fd0a8744d.__CR001464600_PT0_SX1464_V1___.jpg 1464w, https:\/\/moomshop.shop\/wp-content\/uploads\/2024\/07\/957ec5ea-f581-49de-b2d1-7b5fd0a8744d.__CR001464600_PT0_SX1464_V1___-400x164.jpg 400w, https:\/\/moomshop.shop\/wp-content\/uploads\/2024\/07\/957ec5ea-f581-49de-b2d1-7b5fd0a8744d.__CR001464600_PT0_SX1464_V1___-1300x533.jpg 1300w, https:\/\/moomshop.shop\/wp-content\/uploads\/2024\/07\/957ec5ea-f581-49de-b2d1-7b5fd0a8744d.__CR001464600_PT0_SX1464_V1___-768x315.jpg 768w, https:\/\/moomshop.shop\/wp-content\/uploads\/2024\/07\/957ec5ea-f581-49de-b2d1-7b5fd0a8744d.__CR001464600_PT0_SX1464_V1___-18x7.jpg 18w, https:\/\/moomshop.shop\/wp-content\/uploads\/2024\/07\/957ec5ea-f581-49de-b2d1-7b5fd0a8744d.__CR001464600_PT0_SX1464_V1___-60x25.jpg 60w, https:\/\/moomshop.shop\/wp-content\/uploads\/2024\/07\/957ec5ea-f581-49de-b2d1-7b5fd0a8744d.__CR001464600_PT0_SX1464_V1___-430x176.jpg 430w, https:\/\/moomshop.shop\/wp-content\/uploads\/2024\/07\/957ec5ea-f581-49de-b2d1-7b5fd0a8744d.__CR001464600_PT0_SX1464_V1___-700x287.jpg 700w, https:\/\/moomshop.shop\/wp-content\/uploads\/2024\/07\/957ec5ea-f581-49de-b2d1-7b5fd0a8744d.__CR001464600_PT0_SX1464_V1___-150x61.jpg 150w\" sizes=\"(max-width: 1464px) 100vw, 1464px\" \/><\/a> <a href=\"https:\/\/moomshop.shop\/wp-content\/uploads\/2024\/07\/a05a7035-0d74-42dd-9887-8918aa9e5faf.__CR001464600_PT0_SX1464_V1___.jpg\"><img decoding=\"async\" class=\"aligncenter size-full wp-image-51160\" src=\"https:\/\/moomshop.shop\/wp-content\/uploads\/2024\/07\/a05a7035-0d74-42dd-9887-8918aa9e5faf.__CR001464600_PT0_SX1464_V1___.jpg\" alt=\"\" width=\"1464\" height=\"600\" srcset=\"https:\/\/moomshop.shop\/wp-content\/uploads\/2024\/07\/a05a7035-0d74-42dd-9887-8918aa9e5faf.__CR001464600_PT0_SX1464_V1___.jpg 1464w, https:\/\/moomshop.shop\/wp-content\/uploads\/2024\/07\/a05a7035-0d74-42dd-9887-8918aa9e5faf.__CR001464600_PT0_SX1464_V1___-400x164.jpg 400w, https:\/\/moomshop.shop\/wp-content\/uploads\/2024\/07\/a05a7035-0d74-42dd-9887-8918aa9e5faf.__CR001464600_PT0_SX1464_V1___-1300x533.jpg 1300w, https:\/\/moomshop.shop\/wp-content\/uploads\/2024\/07\/a05a7035-0d74-42dd-9887-8918aa9e5faf.__CR001464600_PT0_SX1464_V1___-768x315.jpg 768w, https:\/\/moomshop.shop\/wp-content\/uploads\/2024\/07\/a05a7035-0d74-42dd-9887-8918aa9e5faf.__CR001464600_PT0_SX1464_V1___-18x7.jpg 18w, https:\/\/moomshop.shop\/wp-content\/uploads\/2024\/07\/a05a7035-0d74-42dd-9887-8918aa9e5faf.__CR001464600_PT0_SX1464_V1___-60x25.jpg 60w, https:\/\/moomshop.shop\/wp-content\/uploads\/2024\/07\/a05a7035-0d74-42dd-9887-8918aa9e5faf.__CR001464600_PT0_SX1464_V1___-430x176.jpg 430w, https:\/\/moomshop.shop\/wp-content\/uploads\/2024\/07\/a05a7035-0d74-42dd-9887-8918aa9e5faf.__CR001464600_PT0_SX1464_V1___-700x287.jpg 700w, https:\/\/moomshop.shop\/wp-content\/uploads\/2024\/07\/a05a7035-0d74-42dd-9887-8918aa9e5faf.__CR001464600_PT0_SX1464_V1___-150x61.jpg 150w\" sizes=\"(max-width: 1464px) 100vw, 1464px\" \/><\/a> <a href=\"https:\/\/moomshop.shop\/wp-content\/uploads\/2024\/07\/05be04c9-dc25-4f60-9209-398dd01ce87e.__CR001464625_PT0_SX1464_V1___.jpg\"><img decoding=\"async\" class=\"aligncenter size-full wp-image-51161\" src=\"https:\/\/moomshop.shop\/wp-content\/uploads\/2024\/07\/05be04c9-dc25-4f60-9209-398dd01ce87e.__CR001464625_PT0_SX1464_V1___.jpg\" alt=\"\" width=\"1464\" height=\"625\" srcset=\"https:\/\/moomshop.shop\/wp-content\/uploads\/2024\/07\/05be04c9-dc25-4f60-9209-398dd01ce87e.__CR001464625_PT0_SX1464_V1___.jpg 1464w, https:\/\/moomshop.shop\/wp-content\/uploads\/2024\/07\/05be04c9-dc25-4f60-9209-398dd01ce87e.__CR001464625_PT0_SX1464_V1___-400x171.jpg 400w, https:\/\/moomshop.shop\/wp-content\/uploads\/2024\/07\/05be04c9-dc25-4f60-9209-398dd01ce87e.__CR001464625_PT0_SX1464_V1___-1300x555.jpg 1300w, https:\/\/moomshop.shop\/wp-content\/uploads\/2024\/07\/05be04c9-dc25-4f60-9209-398dd01ce87e.__CR001464625_PT0_SX1464_V1___-768x328.jpg 768w, https:\/\/moomshop.shop\/wp-content\/uploads\/2024\/07\/05be04c9-dc25-4f60-9209-398dd01ce87e.__CR001464625_PT0_SX1464_V1___-18x8.jpg 18w, https:\/\/moomshop.shop\/wp-content\/uploads\/2024\/07\/05be04c9-dc25-4f60-9209-398dd01ce87e.__CR001464625_PT0_SX1464_V1___-60x26.jpg 60w, https:\/\/moomshop.shop\/wp-content\/uploads\/2024\/07\/05be04c9-dc25-4f60-9209-398dd01ce87e.__CR001464625_PT0_SX1464_V1___-430x184.jpg 430w, https:\/\/moomshop.shop\/wp-content\/uploads\/2024\/07\/05be04c9-dc25-4f60-9209-398dd01ce87e.__CR001464625_PT0_SX1464_V1___-700x299.jpg 700w, https:\/\/moomshop.shop\/wp-content\/uploads\/2024\/07\/05be04c9-dc25-4f60-9209-398dd01ce87e.__CR001464625_PT0_SX1464_V1___-150x64.jpg 150w\" sizes=\"(max-width: 1464px) 100vw, 1464px\" \/><\/a><\/p>","protected":false},"excerpt":{"rendered":"<p>Merke: Shark<br \/>\nModellnavn: AI Ultra<br \/>\nSpesielle funksjoner: Selvt\u00f8mmende, Oppsamling av dyreh\u00e5r, Selvrensende b\u00f8rstevalse, Posel\u00f8s<br \/>\nFarge: M\u00f8rkegr\u00e5\/s\u00f8lv<br \/>\nProduktm\u00e5l: 33 cm L x 33 cm B x 10 cm H<br \/>\nInkluderte komponenter: Selvt\u00f8mmende HEPA-base, Sideb\u00f8rster, Filter, Shark Robot AI<\/p>","protected":false},"featured_media":29498,"comment_status":"open","ping_status":"closed","template":"","meta":[],"product_brand":[],"product_cat":[703],"product_tag":[98,189,75,166],"class_list":{"0":"post-29499","1":"product","2":"type-product","3":"status-publish","4":"has-post-thumbnail","6":"product_cat-household-appliances","7":"product_tag-__stock100","8":"product_tag-refund_fee3200","9":"product_tag-trynow","10":"product_tag-warranty","12":"first","13":"instock","14":"sale","15":"featured","16":"shipping-taxable","17":"purchasable","18":"product-type-simple"},"_links":{"self":[{"href":"https:\/\/moomshop.shop\/nn\/wp-json\/wp\/v2\/product\/29499","targetHints":{"allow":["GET"]}}],"collection":[{"href":"https:\/\/moomshop.shop\/nn\/wp-json\/wp\/v2\/product"}],"about":[{"href":"https:\/\/moomshop.shop\/nn\/wp-json\/wp\/v2\/types\/product"}],"replies":[{"embeddable":true,"href":"https:\/\/moomshop.shop\/nn\/wp-json\/wp\/v2\/comments?post=29499"}],"version-history":[{"count":6,"href":"https:\/\/moomshop.shop\/nn\/wp-json\/wp\/v2\/product\/29499\/revisions"}],"predecessor-version":[{"id":51247,"href":"https:\/\/moomshop.shop\/nn\/wp-json\/wp\/v2\/product\/29499\/revisions\/51247"}],"wp:featuredmedia":[{"embeddable":true,"href":"https:\/\/moomshop.shop\/nn\/wp-json\/wp\/v2\/media\/29498"}],"wp:attachment":[{"href":"https:\/\/moomshop.shop\/nn\/wp-json\/wp\/v2\/media?parent=29499"}],"wp:term":[{"taxonomy":"product_brand","embeddable":true,"href":"https:\/\/moomshop.shop\/nn\/wp-json\/wp\/v2\/product_brand?post=29499"},{"taxonomy":"product_cat","embeddable":true,"href":"https:\/\/moomshop.shop\/nn\/wp-json\/wp\/v2\/product_cat?post=29499"},{"taxonomy":"product_tag","embeddable":true,"href":"https:\/\/moomshop.shop\/nn\/wp-json\/wp\/v2\/product_tag?post=29499"}],"curies":[{"name":"wp","href":"https:\/\/api.w.org\/{rel}","templated":true}]}}