{"id":30366,"date":"2024-07-29T06:57:20","date_gmt":"2024-07-29T06:57:20","guid":{"rendered":"https:\/\/darksalmon-wombat-889953.hostingersite.com\/product\/powerxl-vortex-air-fryer-pro-plus-10-quart-capacity-black-1700-watts-black\/"},"modified":"2026-02-07T02:14:58","modified_gmt":"2026-02-07T08:14:58","slug":"powerxl-vortex-air-fryer-pro-plus-10-quart-capacity-black-1700-watts-black","status":"publish","type":"product","link":"https:\/\/moomshop.shop\/nn\/product\/powerxl-vortex-air-fryer-pro-plus-10-quart-capacity-black-1700-watts-black\/","title":{"rendered":"Freidora de aire PowerXL Vortex Air Fryer Pro Plus con capacidad de 10 cuartos, color negro, 1700 vatios (negro)"},"content":{"rendered":"<p>La freidora de aire PowerXL Vortex Air Fryer Pro Plus ofrece una potencia de cocci\u00f3n precisa y superior, con una capacidad extragrande de 10 cuartos, ideal para familias y reuniones. La r\u00e1pida circulaci\u00f3n de aire Vortex con elementos calefactores avanzados cocina y dora los alimentos en un torbellino de aire caliente, logrando un sabor y textura fritos perfectos y dorados por todos lados, sin necesidad de a\u00f1adir aceite. Sus 10 ajustes inteligentes preprogramados con control preciso de temperatura permiten fre\u00edr con aire, asar a la parrilla, hornear, rostizar, deshidratar, preparar pizza casera y mucho m\u00e1s, con una cocci\u00f3n uniforme y deliciosa. Disfrute de papas fritas y aros de cebolla dorados que antes cre\u00eda imposibles, o prepare pescado, pollo y hamburguesas crujientes por fuera y tiernos por dentro. Incluso puede asar carnes y verduras frescas, hornear donas caseras o deshidratar fruta fresca. No se necesita mantequilla, aceite ni manteca, lo que le permite ahorrar hasta un 70% de calor\u00edas en comparaci\u00f3n con los alimentos fritos tradicionales. Las piezas aptas para lavavajillas facilitan y agilizan la limpieza.<\/p>\n<p>Caracter\u00edsticas:<br \/>\nFreidora de aire Vortex de 10 cuartos de PowerXL<br \/>\nMarca de freidoras de aire n\u00famero 1 en ventas*<br \/>\n1700 vatios<br \/>\n10 ajustes preprogramados, incluyendo recalentar<br \/>\nFr\u00ede 12 oz de papas fritas por bandeja<br \/>\nAsa un pollo entero de 4 lb<br \/>\nHornea pasteles, tartas, galletas y m\u00e1s<br \/>\nCalentamiento profesional hasta 400 \u00b0F<br \/>\nMango grande de f\u00e1cil agarre<br \/>\nTemporizador con apagado autom\u00e1tico<br \/>\nLongitud del cable: 39.4 pulgadas<br \/>\nPiezas aptas para lavavajillas: limpieza sin esfuerzo<br \/>\nIncluye: Manual de instrucciones, libro de recetas, 3 rejillas de flujo de aire, bandeja de goteo, kit de asador (brocheta, tenedores y herramienta para extraer)<br \/>\nDise\u00f1o multiuso 6 en 1: Fre\u00edr con aire, asar a la parrilla, hornear, rostizar, deshidratar, recalentar<br \/>\n10 programas de un solo toque: Papas fritas, bistec, pollo, pescado, camarones, hornear, rostizar, deshidratar, pizza y recalentar<br \/>\nDimensiones: 15 pulgadas de profundidad x 15.2 pulgadas de alto x 12.7 pulgadas de ancho; 18 lb<\/p>\n<p>&nbsp;<\/p>","protected":false},"excerpt":{"rendered":"<p>La freidora de aire PowerXL Vortex Air Fryer Pro Plus ofrece una potencia de cocci\u00f3n precisa y superior, con una<\/p>","protected":false},"featured_media":30365,"comment_status":"open","ping_status":"closed","template":"","meta":[],"product_brand":[],"product_cat":[763],"product_tag":[115,75,166],"class_list":{"0":"post-30366","1":"product","2":"type-product","3":"status-publish","4":"has-post-thumbnail","6":"product_cat-kitchen-appliances","7":"product_tag-refund_fee2200","8":"product_tag-trynow","9":"product_tag-warranty","11":"first","12":"instock","13":"sale","14":"shipping-taxable","15":"purchasable","16":"product-type-simple"},"_links":{"self":[{"href":"https:\/\/moomshop.shop\/nn\/wp-json\/wp\/v2\/product\/30366","targetHints":{"allow":["GET"]}}],"collection":[{"href":"https:\/\/moomshop.shop\/nn\/wp-json\/wp\/v2\/product"}],"about":[{"href":"https:\/\/moomshop.shop\/nn\/wp-json\/wp\/v2\/types\/product"}],"replies":[{"embeddable":true,"href":"https:\/\/moomshop.shop\/nn\/wp-json\/wp\/v2\/comments?post=30366"}],"version-history":[{"count":4,"href":"https:\/\/moomshop.shop\/nn\/wp-json\/wp\/v2\/product\/30366\/revisions"}],"predecessor-version":[{"id":51171,"href":"https:\/\/moomshop.shop\/nn\/wp-json\/wp\/v2\/product\/30366\/revisions\/51171"}],"wp:featuredmedia":[{"embeddable":true,"href":"https:\/\/moomshop.shop\/nn\/wp-json\/wp\/v2\/media\/30365"}],"wp:attachment":[{"href":"https:\/\/moomshop.shop\/nn\/wp-json\/wp\/v2\/media?parent=30366"}],"wp:term":[{"taxonomy":"product_brand","embeddable":true,"href":"https:\/\/moomshop.shop\/nn\/wp-json\/wp\/v2\/product_brand?post=30366"},{"taxonomy":"product_cat","embeddable":true,"href":"https:\/\/moomshop.shop\/nn\/wp-json\/wp\/v2\/product_cat?post=30366"},{"taxonomy":"product_tag","embeddable":true,"href":"https:\/\/moomshop.shop\/nn\/wp-json\/wp\/v2\/product_tag?post=30366"}],"curies":[{"name":"wp","href":"https:\/\/api.w.org\/{rel}","templated":true}]}}