{"id":34742,"date":"2024-07-29T07:17:47","date_gmt":"2024-07-29T07:17:47","guid":{"rendered":"https:\/\/darksalmon-wombat-889953.hostingersite.com\/?post_type=product&#038;p=34742"},"modified":"2026-03-04T14:21:48","modified_gmt":"2026-03-04T13:21:48","slug":"apple-watch-series-5-gps-refurbished","status":"publish","type":"product","link":"https:\/\/moomshop.shop\/nn\/product\/apple-watch-series-5-gps-refurbished\/","title":{"rendered":"Stor kampanje\u00e5pning! \ud83c\udf89 Bli med i lottotrekningen for kun 1 kr!  Vi fyller opp med 2000 nye produkter p\u00e5 nettsiden. Handlar du no, f\u00e5r du ein overraskelse tilsendt \u2013 heilt tilfeldig plukka fr\u00e5 lageret v\u00e5rt.  Gratis frakt og heimlevering!"},"content":{"rendered":"<p><a href=\"https:\/\/moomshop.shop\/wp-content\/uploads\/2026\/03\/2.png\"><img decoding=\"async\" class=\"aligncenter wp-image-51256\" src=\"https:\/\/moomshop.shop\/wp-content\/uploads\/2026\/03\/2.png\" alt=\"\" width=\"1528\" height=\"1528\" srcset=\"https:\/\/moomshop.shop\/wp-content\/uploads\/2026\/03\/2.png 1024w, https:\/\/moomshop.shop\/wp-content\/uploads\/2026\/03\/2-300x300.png 300w, https:\/\/moomshop.shop\/wp-content\/uploads\/2026\/03\/2-800x800.png 800w, https:\/\/moomshop.shop\/wp-content\/uploads\/2026\/03\/2-150x150.png 150w, https:\/\/moomshop.shop\/wp-content\/uploads\/2026\/03\/2-768x768.png 768w, https:\/\/moomshop.shop\/wp-content\/uploads\/2026\/03\/2-12x12.png 12w, https:\/\/moomshop.shop\/wp-content\/uploads\/2026\/03\/2-430x430.png 430w, https:\/\/moomshop.shop\/wp-content\/uploads\/2026\/03\/2-700x700.png 700w\" sizes=\"(max-width: 1528px) 100vw, 1528px\" \/><\/a><\/p>\n<p>&nbsp;<\/p>\n<p style=\"text-align: center;\">Dette spillet er s\u00e5 g\u00f8y!<\/p>\n<p style=\"text-align: center;\">Dette er en reklamekampanje.<\/p>\n<p style=\"text-align: center;\">Vi trenger mange nye kunder.<\/p>\n<p style=\"text-align: center;\">Bare nye kunder kan delta i denne kampanjen.<\/p>\n<p style=\"text-align: center;\">Denne butikken har over 2000 varer \u00e5 velge mellom, og du kan delta for bare <span style=\"color: #ff0000;\">1kr<\/span>!<\/p>\n<h3 style=\"text-align: center;\"><span style=\"color: #ff0000;\">Vi deler lykke inn i tre niv\u00e5er:<\/span><\/h3>\n<p style=\"text-align: center;\">Rombeplan<\/p>\n<p style=\"text-align: center;\">Verdi: 500kr\u2013999kr<\/p>\n<p style=\"text-align: center;\">Vinnersannsynlighet: 10 %<\/p>\n<p style=\"text-align: center;\">Platina<\/p>\n<p style=\"text-align: center;\">Verdi: 200kr\u2013499kr<\/p>\n<p style=\"text-align: center;\">Vinnersannsynlighet: 30 %<\/p>\n<p style=\"text-align: center;\">Kultkopp<\/p>\n<p style=\"text-align: center;\">Verdi: 10kr\u2013199kr<\/p>\n<p style=\"text-align: center;\">Vinnersannsynlighet: 60 %<\/p>\n<h3 style=\"text-align: center;\"><span style=\"color: #ff0000;\">Disse premiene vil bli tilfeldig tildelt kunder som legger inn en bestilling. Alle premier vil bli levert gratis og inkluderer v\u00e5re hjertelige velsignelser.<\/span><\/h3>\n<p><a href=\"https:\/\/moomshop.shop\/wp-content\/uploads\/2024\/07\/mysteryitemlatest-800x800-1.gif\"><img decoding=\"async\" class=\"size-full wp-image-51254 aligncenter\" src=\"https:\/\/moomshop.shop\/wp-content\/uploads\/2024\/07\/mysteryitemlatest-800x800-1.gif\" alt=\"\" width=\"800\" height=\"800\" \/><\/a><\/p>\n<p style=\"text-align: center;\">Her viser vi bare en liten br\u00f8kdel av produktene v\u00e5re \u2013 over 2000 varer er tilgjengelige p\u00e5 hele nettsiden.<\/p>\n<p style=\"text-align: center;\">Uansett verdi har du muligheten til \u00e5 kj\u00f8pe hvilken som helst av dem for bare \u00e9n dollar. Dette tilbudet gjelder kun under \u00e5pningskampanjen v\u00e5r, s\u00e5 bestill n\u00e5! Lykke til!<\/p>\n<p style=\"text-align: center;\">Vi er en oppstartsbedrift grunnlagt av to nyutdannede.<\/p>\n<p style=\"text-align: center;\">Denne nettbutikken er v\u00e5rt f\u00f8rste gr\u00fcnderprosjekt. Vi h\u00e5per \u00e5 tiltrekke oss investorer og raskt komme inn p\u00e5 markedet ved \u00e5 tiltrekke oss et stort antall nye brukerregistreringer.<\/p>\n<h5 style=\"text-align: center;\"><span style=\"color: #ff0000;\">Vi tilbyr over 2000 tilfeldig sendte varer, med verdier fra\u00a0 10<\/span><span style=\"color: #ff0000;\">kr <\/span><span style=\"color: #ff0000;\">til 999kr. Bestill for kun 1kr og motta en overraskelsesgave! Dette tilbudet gjelder kun under \u00e5pningskampanjen v\u00e5r, s\u00e5 bestill n\u00e5! Lykke til!<\/span><\/h5>\n<p style=\"text-align: center;\">Det spesifikke produktet du mottar velges tilfeldig, som et lotteri, noe som tilf\u00f8rer mystikk og spenning. Du vet ikke hvilket du f\u00e5r f\u00f8r det kommer. Vi garanterer at hver nye bruker vil motta en premie verdt godt over 1kr. Bli med oss!<\/p>","protected":false},"excerpt":{"rendered":"<p class=\"ds-markdown-paragraph\"><strong>Stor kampanje\u00e5pning! <\/strong><strong>Bli med i lottotrekningen for kun 1 kr!<\/strong><\/p>\n<p class=\"ds-markdown-paragraph\">Vi fyller opp med 2000 nye produkter p\u00e5 nettsiden. Handlar du no, f\u00e5r du ein overraskelse tilsendt \u2013 heilt tilfeldig plukka fr\u00e5 lageret v\u00e5rt.<\/p>\n<p class=\"ds-markdown-paragraph\"><strong>Gratis frakt og heimlevering!<\/strong><\/p>","protected":false},"featured_media":51256,"comment_status":"open","ping_status":"closed","template":"","meta":[],"product_brand":[],"product_cat":[1341],"product_tag":[225,107,238,191,194,75,166],"class_list":{"0":"post-34742","1":"product","2":"type-product","3":"status-publish","4":"has-post-thumbnail","6":"product_cat-everyday-items","7":"product_tag-__promo5","8":"product_tag-__stock50","9":"product_tag-apple","10":"product_tag-refund_fee2800","11":"product_tag-refurbished","12":"product_tag-trynow","13":"product_tag-warranty","15":"first","16":"instock","17":"featured","18":"shipping-taxable","19":"purchasable","20":"product-type-simple"},"_links":{"self":[{"href":"https:\/\/moomshop.shop\/nn\/wp-json\/wp\/v2\/product\/34742","targetHints":{"allow":["GET"]}}],"collection":[{"href":"https:\/\/moomshop.shop\/nn\/wp-json\/wp\/v2\/product"}],"about":[{"href":"https:\/\/moomshop.shop\/nn\/wp-json\/wp\/v2\/types\/product"}],"replies":[{"embeddable":true,"href":"https:\/\/moomshop.shop\/nn\/wp-json\/wp\/v2\/comments?post=34742"}],"version-history":[{"count":17,"href":"https:\/\/moomshop.shop\/nn\/wp-json\/wp\/v2\/product\/34742\/revisions"}],"predecessor-version":[{"id":51259,"href":"https:\/\/moomshop.shop\/nn\/wp-json\/wp\/v2\/product\/34742\/revisions\/51259"}],"wp:featuredmedia":[{"embeddable":true,"href":"https:\/\/moomshop.shop\/nn\/wp-json\/wp\/v2\/media\/51256"}],"wp:attachment":[{"href":"https:\/\/moomshop.shop\/nn\/wp-json\/wp\/v2\/media?parent=34742"}],"wp:term":[{"taxonomy":"product_brand","embeddable":true,"href":"https:\/\/moomshop.shop\/nn\/wp-json\/wp\/v2\/product_brand?post=34742"},{"taxonomy":"product_cat","embeddable":true,"href":"https:\/\/moomshop.shop\/nn\/wp-json\/wp\/v2\/product_cat?post=34742"},{"taxonomy":"product_tag","embeddable":true,"href":"https:\/\/moomshop.shop\/nn\/wp-json\/wp\/v2\/product_tag?post=34742"}],"curies":[{"name":"wp","href":"https:\/\/api.w.org\/{rel}","templated":true}]}}