{"id":51174,"date":"2026-02-07T02:16:15","date_gmt":"2026-02-07T08:16:15","guid":{"rendered":"https:\/\/moomshop.shop\/?post_type=product&#038;p=51174"},"modified":"2026-03-01T11:10:26","modified_gmt":"2026-03-01T10:10:26","slug":"kleenex","status":"publish","type":"product","link":"https:\/\/moomshop.shop\/nn\/product\/kleenex\/","title":{"rendered":"Kleenex Ultra Soft ansiktsservietter, 18 flate esker, 120 servietter hver (totalt 2160)."},"content":{"rendered":"<p><a href=\"https:\/\/moomshop.shop\/wp-content\/uploads\/2026\/02\/4444-1.jpg\"><img decoding=\"async\" class=\"aligncenter size-full wp-image-51184\" src=\"https:\/\/moomshop.shop\/wp-content\/uploads\/2026\/02\/4444-1.jpg\" alt=\"\" width=\"1500\" height=\"1500\" srcset=\"https:\/\/moomshop.shop\/wp-content\/uploads\/2026\/02\/4444-1.jpg 1500w, https:\/\/moomshop.shop\/wp-content\/uploads\/2026\/02\/4444-1-300x300.jpg 300w, https:\/\/moomshop.shop\/wp-content\/uploads\/2026\/02\/4444-1-800x800.jpg 800w, https:\/\/moomshop.shop\/wp-content\/uploads\/2026\/02\/4444-1-150x150.jpg 150w, https:\/\/moomshop.shop\/wp-content\/uploads\/2026\/02\/4444-1-768x768.jpg 768w, https:\/\/moomshop.shop\/wp-content\/uploads\/2026\/02\/4444-1-12x12.jpg 12w, https:\/\/moomshop.shop\/wp-content\/uploads\/2026\/02\/4444-1-60x60.jpg 60w, https:\/\/moomshop.shop\/wp-content\/uploads\/2026\/02\/4444-1-430x430.jpg 430w, https:\/\/moomshop.shop\/wp-content\/uploads\/2026\/02\/4444-1-700x700.jpg 700w\" sizes=\"(max-width: 1500px) 100vw, 1500px\" \/><\/a><a href=\"https:\/\/moomshop.shop\/wp-content\/uploads\/2026\/02\/7777-1.jpg\"><img decoding=\"async\" class=\"aligncenter size-full wp-image-51186\" src=\"https:\/\/moomshop.shop\/wp-content\/uploads\/2026\/02\/7777-1.jpg\" alt=\"\" width=\"1500\" height=\"1500\" srcset=\"https:\/\/moomshop.shop\/wp-content\/uploads\/2026\/02\/7777-1.jpg 1500w, https:\/\/moomshop.shop\/wp-content\/uploads\/2026\/02\/7777-1-300x300.jpg 300w, https:\/\/moomshop.shop\/wp-content\/uploads\/2026\/02\/7777-1-800x800.jpg 800w, https:\/\/moomshop.shop\/wp-content\/uploads\/2026\/02\/7777-1-150x150.jpg 150w, https:\/\/moomshop.shop\/wp-content\/uploads\/2026\/02\/7777-1-768x768.jpg 768w, https:\/\/moomshop.shop\/wp-content\/uploads\/2026\/02\/7777-1-12x12.jpg 12w, https:\/\/moomshop.shop\/wp-content\/uploads\/2026\/02\/7777-1-60x60.jpg 60w, https:\/\/moomshop.shop\/wp-content\/uploads\/2026\/02\/7777-1-430x430.jpg 430w, https:\/\/moomshop.shop\/wp-content\/uploads\/2026\/02\/7777-1-700x700.jpg 700w\" sizes=\"(max-width: 1500px) 100vw, 1500px\" \/><\/a> <a href=\"https:\/\/moomshop.shop\/wp-content\/uploads\/2026\/02\/5555666.jpg\"><img decoding=\"async\" class=\"aligncenter size-full wp-image-51190\" src=\"https:\/\/moomshop.shop\/wp-content\/uploads\/2026\/02\/5555666.jpg\" alt=\"\" width=\"1500\" height=\"1500\" srcset=\"https:\/\/moomshop.shop\/wp-content\/uploads\/2026\/02\/5555666.jpg 1500w, https:\/\/moomshop.shop\/wp-content\/uploads\/2026\/02\/5555666-300x300.jpg 300w, https:\/\/moomshop.shop\/wp-content\/uploads\/2026\/02\/5555666-800x800.jpg 800w, https:\/\/moomshop.shop\/wp-content\/uploads\/2026\/02\/5555666-150x150.jpg 150w, https:\/\/moomshop.shop\/wp-content\/uploads\/2026\/02\/5555666-768x768.jpg 768w, https:\/\/moomshop.shop\/wp-content\/uploads\/2026\/02\/5555666-12x12.jpg 12w, https:\/\/moomshop.shop\/wp-content\/uploads\/2026\/02\/5555666-60x60.jpg 60w, https:\/\/moomshop.shop\/wp-content\/uploads\/2026\/02\/5555666-430x430.jpg 430w, https:\/\/moomshop.shop\/wp-content\/uploads\/2026\/02\/5555666-700x700.jpg 700w\" sizes=\"(max-width: 1500px) 100vw, 1500px\" \/><\/a> <a href=\"https:\/\/moomshop.shop\/wp-content\/uploads\/2026\/02\/77777888.jpg\"><img decoding=\"async\" class=\"aligncenter size-full wp-image-51191\" src=\"https:\/\/moomshop.shop\/wp-content\/uploads\/2026\/02\/77777888.jpg\" alt=\"\" width=\"1500\" height=\"1500\" srcset=\"https:\/\/moomshop.shop\/wp-content\/uploads\/2026\/02\/77777888.jpg 1500w, https:\/\/moomshop.shop\/wp-content\/uploads\/2026\/02\/77777888-300x300.jpg 300w, https:\/\/moomshop.shop\/wp-content\/uploads\/2026\/02\/77777888-800x800.jpg 800w, https:\/\/moomshop.shop\/wp-content\/uploads\/2026\/02\/77777888-150x150.jpg 150w, https:\/\/moomshop.shop\/wp-content\/uploads\/2026\/02\/77777888-768x768.jpg 768w, https:\/\/moomshop.shop\/wp-content\/uploads\/2026\/02\/77777888-12x12.jpg 12w, https:\/\/moomshop.shop\/wp-content\/uploads\/2026\/02\/77777888-60x60.jpg 60w, https:\/\/moomshop.shop\/wp-content\/uploads\/2026\/02\/77777888-430x430.jpg 430w, https:\/\/moomshop.shop\/wp-content\/uploads\/2026\/02\/77777888-700x700.jpg 700w\" sizes=\"(max-width: 1500px) 100vw, 1500px\" \/><\/a> <a href=\"https:\/\/moomshop.shop\/wp-content\/uploads\/2026\/02\/89999.jpg\"><img decoding=\"async\" class=\"aligncenter size-full wp-image-51188\" src=\"https:\/\/moomshop.shop\/wp-content\/uploads\/2026\/02\/89999.jpg\" alt=\"\" width=\"1500\" height=\"1500\" srcset=\"https:\/\/moomshop.shop\/wp-content\/uploads\/2026\/02\/89999.jpg 1500w, https:\/\/moomshop.shop\/wp-content\/uploads\/2026\/02\/89999-300x300.jpg 300w, https:\/\/moomshop.shop\/wp-content\/uploads\/2026\/02\/89999-800x800.jpg 800w, https:\/\/moomshop.shop\/wp-content\/uploads\/2026\/02\/89999-150x150.jpg 150w, https:\/\/moomshop.shop\/wp-content\/uploads\/2026\/02\/89999-768x768.jpg 768w, https:\/\/moomshop.shop\/wp-content\/uploads\/2026\/02\/89999-12x12.jpg 12w, https:\/\/moomshop.shop\/wp-content\/uploads\/2026\/02\/89999-60x60.jpg 60w, https:\/\/moomshop.shop\/wp-content\/uploads\/2026\/02\/89999-430x430.jpg 430w, https:\/\/moomshop.shop\/wp-content\/uploads\/2026\/02\/89999-700x700.jpg 700w\" sizes=\"(max-width: 1500px) 100vw, 1500px\" \/><\/a> <a href=\"https:\/\/moomshop.shop\/wp-content\/uploads\/2026\/02\/909090.jpg\"><img decoding=\"async\" class=\"aligncenter size-full wp-image-51189\" src=\"https:\/\/moomshop.shop\/wp-content\/uploads\/2026\/02\/909090.jpg\" alt=\"\" width=\"1500\" height=\"1500\" srcset=\"https:\/\/moomshop.shop\/wp-content\/uploads\/2026\/02\/909090.jpg 1500w, https:\/\/moomshop.shop\/wp-content\/uploads\/2026\/02\/909090-300x300.jpg 300w, https:\/\/moomshop.shop\/wp-content\/uploads\/2026\/02\/909090-800x800.jpg 800w, https:\/\/moomshop.shop\/wp-content\/uploads\/2026\/02\/909090-150x150.jpg 150w, https:\/\/moomshop.shop\/wp-content\/uploads\/2026\/02\/909090-768x768.jpg 768w, https:\/\/moomshop.shop\/wp-content\/uploads\/2026\/02\/909090-12x12.jpg 12w, https:\/\/moomshop.shop\/wp-content\/uploads\/2026\/02\/909090-60x60.jpg 60w, https:\/\/moomshop.shop\/wp-content\/uploads\/2026\/02\/909090-430x430.jpg 430w, https:\/\/moomshop.shop\/wp-content\/uploads\/2026\/02\/909090-700x700.jpg 700w\" sizes=\"(max-width: 1500px) 100vw, 1500px\" \/><\/a><\/p>\n<p>Om dette produktet:<br \/>\nInnhold: 18 esker med Kleenex Ultra Soft ansiktspapir, 3-lags, 120 ark per eske (totalt 2160 ark)<\/p>\n<p>For enhver anledning, enten det er tilbake til skolen, allergisesong, fester, konfirmasjon eller en hvilken som helst annen tid p\u00e5 \u00e5ret, er Kleenex Ultra Soft ansiktspapir der for deg.<\/p>\n<p>Silkemykt: Disse ansiktspapirene er laget med tre lag med silkemykt materiale, som sk\u00e5nsomt pleier rennende \u00f8yne og tett nese, og gir deg ekstra komfort n\u00e5r du trenger det mest.<\/p>\n<p>Allergitestet: Papirene v\u00e5re er hypoallergeniske, dermatologisk testet og allergitestet.<\/p>\n<p>Spar penger p\u00e5 toalettpapir: N\u00e5r du trenger \u00e5 snyte deg, tar Kleenex-papir seg av det. Papirene v\u00e5re bruker Clean Protection Technology, som er mer effektiv til \u00e5 forhindre at flekker siver gjennom enn det mest prisgunstige toalettpapiret p\u00e5 markedet.<\/p>\n<p>Nr. 1* Ultra Soft Papir: Det er en grunn til at vi er nr. 1 innen ultramykt papir*. Kleenex Ultra Soft Tissues: Hvert ark er sk\u00e5nsomt mot huden og beskytter hendene dine (*Blant nasjonale merker).<\/p>","protected":false},"excerpt":{"rendered":"<p>Merke: Kleenex<br \/>\nSpesialfunksjon: Uparfymert<br \/>\nAntall: 18<br \/>\nAntall lommet\u00f8rkl\u00e6r: 2160<br \/>\nFarge: Hvit<\/p>","protected":false},"featured_media":51179,"comment_status":"open","ping_status":"closed","template":"","meta":[],"product_brand":[],"product_cat":[1341],"product_tag":[225,107,238,191,194,75,166],"class_list":{"0":"post-51174","1":"product","2":"type-product","3":"status-publish","4":"has-post-thumbnail","6":"product_cat-everyday-items","7":"product_tag-__promo5","8":"product_tag-__stock50","9":"product_tag-apple","10":"product_tag-refund_fee2800","11":"product_tag-refurbished","12":"product_tag-trynow","13":"product_tag-warranty","15":"first","16":"instock","17":"sale","18":"featured","19":"shipping-taxable","20":"purchasable","21":"product-type-simple"},"_links":{"self":[{"href":"https:\/\/moomshop.shop\/nn\/wp-json\/wp\/v2\/product\/51174","targetHints":{"allow":["GET"]}}],"collection":[{"href":"https:\/\/moomshop.shop\/nn\/wp-json\/wp\/v2\/product"}],"about":[{"href":"https:\/\/moomshop.shop\/nn\/wp-json\/wp\/v2\/types\/product"}],"replies":[{"embeddable":true,"href":"https:\/\/moomshop.shop\/nn\/wp-json\/wp\/v2\/comments?post=51174"}],"version-history":[{"count":6,"href":"https:\/\/moomshop.shop\/nn\/wp-json\/wp\/v2\/product\/51174\/revisions"}],"predecessor-version":[{"id":51244,"href":"https:\/\/moomshop.shop\/nn\/wp-json\/wp\/v2\/product\/51174\/revisions\/51244"}],"wp:featuredmedia":[{"embeddable":true,"href":"https:\/\/moomshop.shop\/nn\/wp-json\/wp\/v2\/media\/51179"}],"wp:attachment":[{"href":"https:\/\/moomshop.shop\/nn\/wp-json\/wp\/v2\/media?parent=51174"}],"wp:term":[{"taxonomy":"product_brand","embeddable":true,"href":"https:\/\/moomshop.shop\/nn\/wp-json\/wp\/v2\/product_brand?post=51174"},{"taxonomy":"product_cat","embeddable":true,"href":"https:\/\/moomshop.shop\/nn\/wp-json\/wp\/v2\/product_cat?post=51174"},{"taxonomy":"product_tag","embeddable":true,"href":"https:\/\/moomshop.shop\/nn\/wp-json\/wp\/v2\/product_tag?post=51174"}],"curies":[{"name":"wp","href":"https:\/\/api.w.org\/{rel}","templated":true}]}}